{"id":49,"date":"2015-11-14T11:05:26","date_gmt":"2015-11-14T10:05:26","guid":{"rendered":"http:\/\/www.bcaris.lu\/?page_id=49"},"modified":"2018-09-08T10:28:48","modified_gmt":"2018-09-08T08:28:48","slug":"verschiddenes","status":"publish","type":"page","link":"https:\/\/www.bcaris.lu\/?page_id=49&lang=lu","title":{"rendered":"Verschiddenes"},"content":{"rendered":"<p><em><strong>Raquette Bespaanungsmeiglechkeet<\/strong><\/em><\/p>\n<p>Den Alain an de Florent bidden eisen Memberen geint en klengen Opprais d\u2019Bespaanung vun Raquetten.<\/p>\n<p>&nbsp;<\/p>\n<p><strong><em>Kleedung<\/em><\/strong><\/p>\n<p>Shorten an T-shirten mam Klublogo k\u00ebnnen kaaf gin. Heizou k\u00ebnnen eis Memberen d\u00e9i interesseiert sin sech beim Florent inform\u00e9iren.<\/p>\n","protected":false},"excerpt":{"rendered":"<p>Raquette Bespaanungsmeiglechkeet Den Alain an de Florent bidden eisen Memberen geint en klengen Opprais d\u2019Bespaanung vun Raquetten. &nbsp; Kleedung Shorten an T-shirten mam Klublogo k\u00ebnnen kaaf gin. Heizou k\u00ebnnen eis Memberen d\u00e9i interesseiert sin sech beim Florent inform\u00e9iren.<\/p>\n","protected":false},"author":1,"featured_media":0,"parent":0,"menu_order":0,"comment_status":"closed","ping_status":"closed","template":"","meta":{"footnotes":""},"class_list":["post-49","page","type-page","status-publish","hentry"],"_links":{"self":[{"href":"https:\/\/www.bcaris.lu\/index.php?rest_route=\/wp\/v2\/pages\/49","targetHints":{"allow":["GET"]}}],"collection":[{"href":"https:\/\/www.bcaris.lu\/index.php?rest_route=\/wp\/v2\/pages"}],"about":[{"href":"https:\/\/www.bcaris.lu\/index.php?rest_route=\/wp\/v2\/types\/page"}],"author":[{"embeddable":true,"href":"https:\/\/www.bcaris.lu\/index.php?rest_route=\/wp\/v2\/users\/1"}],"replies":[{"embeddable":true,"href":"https:\/\/www.bcaris.lu\/index.php?rest_route=%2Fwp%2Fv2%2Fcomments&post=49"}],"version-history":[{"count":4,"href":"https:\/\/www.bcaris.lu\/index.php?rest_route=\/wp\/v2\/pages\/49\/revisions"}],"predecessor-version":[{"id":788,"href":"https:\/\/www.bcaris.lu\/index.php?rest_route=\/wp\/v2\/pages\/49\/revisions\/788"}],"wp:attachment":[{"href":"https:\/\/www.bcaris.lu\/index.php?rest_route=%2Fwp%2Fv2%2Fmedia&parent=49"}],"curies":[{"name":"wp","href":"https:\/\/api.w.org\/{rel}","templated":true}]}}