{"id":47,"date":"2015-11-14T11:05:00","date_gmt":"2015-11-14T10:05:00","guid":{"rendered":"http:\/\/www.bcaris.lu\/?page_id=47"},"modified":"2018-09-08T10:28:25","modified_gmt":"2018-09-08T08:28:25","slug":"verschiedenes","status":"publish","type":"page","link":"https:\/\/www.bcaris.lu\/?page_id=47&lang=de","title":{"rendered":"Verschiedenes"},"content":{"rendered":"<p><em><strong>Bespannungsservice<\/strong><\/em><br \/>\nAlain und Florent k\u00f6nnen f\u00fcr einen kleinen Geldbetrag Schl\u00e4ger neu bespannen.<br \/>\nZ\u00f6gern Sie nicht zu fragen!<\/p>\n<p><em><strong><br \/>\nKleidung<\/strong><\/em><br \/>\nEs besteht die M\u00f6glichkeit Shorts und T-Shirts mit dem Vereinslogo zu kaufen. Florent kann ihnen diesbez\u00fcglich weiterhelfen.<\/p>\n","protected":false},"excerpt":{"rendered":"<p>Bespannungsservice Alain und Florent k\u00f6nnen f\u00fcr einen kleinen Geldbetrag Schl\u00e4ger neu bespannen. Z\u00f6gern Sie nicht zu fragen! Kleidung Es besteht die M\u00f6glichkeit Shorts und T-Shirts mit dem Vereinslogo zu kaufen. Florent kann ihnen diesbez\u00fcglich weiterhelfen.<\/p>\n","protected":false},"author":1,"featured_media":0,"parent":0,"menu_order":0,"comment_status":"closed","ping_status":"closed","template":"","meta":{"footnotes":""},"class_list":["post-47","page","type-page","status-publish","hentry"],"_links":{"self":[{"href":"https:\/\/www.bcaris.lu\/index.php?rest_route=\/wp\/v2\/pages\/47","targetHints":{"allow":["GET"]}}],"collection":[{"href":"https:\/\/www.bcaris.lu\/index.php?rest_route=\/wp\/v2\/pages"}],"about":[{"href":"https:\/\/www.bcaris.lu\/index.php?rest_route=\/wp\/v2\/types\/page"}],"author":[{"embeddable":true,"href":"https:\/\/www.bcaris.lu\/index.php?rest_route=\/wp\/v2\/users\/1"}],"replies":[{"embeddable":true,"href":"https:\/\/www.bcaris.lu\/index.php?rest_route=%2Fwp%2Fv2%2Fcomments&post=47"}],"version-history":[{"count":5,"href":"https:\/\/www.bcaris.lu\/index.php?rest_route=\/wp\/v2\/pages\/47\/revisions"}],"predecessor-version":[{"id":787,"href":"https:\/\/www.bcaris.lu\/index.php?rest_route=\/wp\/v2\/pages\/47\/revisions\/787"}],"wp:attachment":[{"href":"https:\/\/www.bcaris.lu\/index.php?rest_route=%2Fwp%2Fv2%2Fmedia&parent=47"}],"curies":[{"name":"wp","href":"https:\/\/api.w.org\/{rel}","templated":true}]}}