{"id":31,"date":"2015-11-14T11:01:34","date_gmt":"2015-11-14T10:01:34","guid":{"rendered":"http:\/\/www.bcaris.lu\/?page_id=31"},"modified":"2025-07-23T11:12:04","modified_gmt":"2025-07-23T09:12:04","slug":"sporthallen","status":"publish","type":"page","link":"https:\/\/www.bcaris.lu\/?page_id=31&lang=de","title":{"rendered":"Sporthallen"},"content":{"rendered":"<p>F\u00fcr die Saison 2025\/2026, verf\u00fcgen wir \u00fcber folgende Infrastrukturen:<\/p>\n<p><strong><em>Hamm<\/em><\/strong><\/p>\n<p><a href=\"https:\/\/www.bcaris.lu\/wp-content\/uploads\/2015\/11\/Hamm_250_1723.jpg\"><img loading=\"lazy\" decoding=\"async\" class=\"alignnone size-full wp-image-169\" src=\"https:\/\/www.bcaris.lu\/wp-content\/uploads\/2015\/11\/Hamm_250_1723.jpg\" alt=\"Hamm_250_172\" width=\"250\" height=\"172\" \/><\/a><br \/>\nAdresse : 157 rue de Hamm L-1713 Luxembourg<br \/>\nF\u00e4higkeit : 4 Spielfelds<\/p>\n<style type=\"text\/css\" id=\"umsMapStyles_1_79967\">\r\n    #ultimate_maps_1_79967 {\r\n        width: 100%;\r\n        height: 450px;\r\n                border: 0px solid ;\r\n        margin: 0px;\r\n    }\r\n    #mapsControlsNum_1_79967 {\r\n        width:100%    }\r\n    .umsMapDetailsContainer#umsMapDetailsContainer_1_79967 {\r\n        height:450px;\r\n    }\r\n    .ums_MapPreview#ultimate_maps_1_79967 {\r\n        \/*position:absolute;*\/\r\n        width:100%;\r\n    }\r\n    #mapConElem_1_79967{\r\n        width:100%    }\r\n    <\/style><div class=\"ums_map_opts\" id=\"mapConElem_1_79967\" data-id=\"1\" data-view-id=\"1_79967\" > <div class=\"umsMapDetailsContainer\" id=\"umsMapDetailsContainer_1_79967\"> <i class=\"umsKMLLayersPreloader fa fa-spinner fa-spin\" aria-hidden=\"true\" style=\"display: none;\"><\/i> <div class=\"ums_MapPreview \" id=\"ultimate_maps_1_79967\"><\/div> <\/div> <div class=\"umsMapMarkerFilters\" id=\"umsMapMarkerFilters_1_79967\"> <\/div> <div class=\"umsMapProControlsCon\" id=\"umsMapProControlsCon_1_79967\"> <a title=\"WP Google Maps\" style=\"display:none;\" href=\"https:\/\/supsystic.com\/plugins\/google-maps-plugin\/?utm_medium=love_link_hide\" target=\"_blank\">WP Google Maps<\/a><div style=\"clear: both;\"><\/div> <\/div> <div class=\"umsMapProDirectionsCon\" id=\"umsMapProDirectionsCon_1_79967\" > <\/div> <div class=\"umsMapProKmlFilterCon\" id=\"umsMapProKmlFilterCon_1_79967\" > <\/div> <div class=\"umsSocialSharingShell umsSocialSharingShell_1_79967\"> <\/div> <div style=\"clear: both;\"><\/div> <\/div>\n<p style=\"text-align: center;\">\u00a9 Ville de Luxembourg<\/p>\n","protected":false},"excerpt":{"rendered":"<p>F\u00fcr die Saison 2025\/2026, verf\u00fcgen wir \u00fcber folgende Infrastrukturen: Hamm Adresse : 157 rue de Hamm L-1713 Luxembourg F\u00e4higkeit : 4 Spielfelds \u00a9 Ville de Luxembourg<\/p>\n","protected":false},"author":1,"featured_media":0,"parent":0,"menu_order":0,"comment_status":"closed","ping_status":"closed","template":"","meta":{"footnotes":""},"class_list":["post-31","page","type-page","status-publish","hentry"],"_links":{"self":[{"href":"https:\/\/www.bcaris.lu\/index.php?rest_route=\/wp\/v2\/pages\/31","targetHints":{"allow":["GET"]}}],"collection":[{"href":"https:\/\/www.bcaris.lu\/index.php?rest_route=\/wp\/v2\/pages"}],"about":[{"href":"https:\/\/www.bcaris.lu\/index.php?rest_route=\/wp\/v2\/types\/page"}],"author":[{"embeddable":true,"href":"https:\/\/www.bcaris.lu\/index.php?rest_route=\/wp\/v2\/users\/1"}],"replies":[{"embeddable":true,"href":"https:\/\/www.bcaris.lu\/index.php?rest_route=%2Fwp%2Fv2%2Fcomments&post=31"}],"version-history":[{"count":18,"href":"https:\/\/www.bcaris.lu\/index.php?rest_route=\/wp\/v2\/pages\/31\/revisions"}],"predecessor-version":[{"id":1893,"href":"https:\/\/www.bcaris.lu\/index.php?rest_route=\/wp\/v2\/pages\/31\/revisions\/1893"}],"wp:attachment":[{"href":"https:\/\/www.bcaris.lu\/index.php?rest_route=%2Fwp%2Fv2%2Fmedia&parent=31"}],"curies":[{"name":"wp","href":"https:\/\/api.w.org\/{rel}","templated":true}]}}